{"id":354,"date":"2017-11-08T13:01:38","date_gmt":"2017-11-08T13:01:38","guid":{"rendered":"https:\/\/mkolonko2.nazwa.pl\/kolonko\/wordpress\/?page_id=354"},"modified":"2022-10-21T09:14:49","modified_gmt":"2022-10-21T09:14:49","slug":"zabawa-sylwestrowa-swietochlowice-sylwest","status":"publish","type":"page","link":"https:\/\/restauracja-feniks.pl\/?page_id=354","title":{"rendered":"Zabawa Sylwestrowa 2022\/2023"},"content":{"rendered":"<p><strong>Start o 20.00 &#8211; zabawa do 4.00 rano!<br \/>\n<\/strong><\/p>\n<p><strong>Muzyka przy SUPER DJ-u\u00a0<\/strong><\/p>\n<p><strong>Cena 239 z\u0142 od osoby<\/strong><\/p>\n<p><strong>Zimna p\u0142yta pe\u0142na r\u00f3\u017cno\u015bci:<\/strong><\/p>\n<ul>\n<li>tradycyjne tymbaliki z drobiu,<\/li>\n<li>roladki szynkowe ze szparagami,<\/li>\n<li>roladki serowe z farszem z makreli,<\/li>\n<li>p\u00f3\u0142miski w\u0119dlin tradycyjnych i wiejskich z serem,<\/li>\n<li>pasztet z \u017curawin\u0105,<\/li>\n<li>sa\u0142atka z selera naciowego z orzechami i serem,<\/li>\n<li>sa\u0142atka tortellini,<\/li>\n<li>pomidorki,<\/li>\n<li>og\u00f3rki,<\/li>\n<li>grzybki,<\/li>\n<li>pieczywo,<\/li>\n<li>mas\u0142o.<\/li>\n<\/ul>\n<p><strong>I kolacja:<\/strong><\/p>\n<p>Schab faszerowany w sosie z grzyb\u00f3w le\u015bnych, kluseczki, sur\u00f3wka z czerwonej kapusty z rodzynkami, jab\u0142kiem i octem balsamicznym<\/p>\n<p><strong>II kolacja:<\/strong><\/p>\n<p>Potrawka drobiowa z warzywami<\/p>\n<p><strong>III kolacja:<\/strong><\/p>\n<p>W\u0119gierska zupa gulaszowa<\/p>\n<p><strong>\u00a0<\/strong><strong>Ponad to: <\/strong>pachn\u0105ce ciasta ,\u00a0 kolorowe owoce.<\/p>\n<p><strong>Napoje: <\/strong><\/p>\n<p>woda,<\/p>\n<p>sok\u00a0 1l\/os,<\/p>\n<p>kawa, herbata bez ogranicze\u0144,<\/p>\n<p><strong>1 butelka szampana\u00a0 na 2 osoby GRATIS<\/strong><\/p>\n<p><img decoding=\"async\" loading=\"lazy\" class=\"wp-image-368 aligncenter\" src=\"https:\/\/restauracja-feniks.pl\/wp-content\/uploads\/2017\/11\/szampan-178x300.jpg\" alt=\"\" width=\"195\" height=\"329\" srcset=\"https:\/\/restauracja-feniks.pl\/wp-content\/uploads\/2017\/11\/szampan-178x300.jpg 178w, https:\/\/restauracja-feniks.pl\/wp-content\/uploads\/2017\/11\/szampan.jpg 225w\" sizes=\"(max-width: 195px) 100vw, 195px\" \/><\/p>\n","protected":false},"excerpt":{"rendered":"<p>Start o 20.00 &#8211; zabawa do 4.00 rano! Muzyka przy SUPER DJ-u\u00a0 Cena 239 z\u0142 od osoby Zimna p\u0142yta pe\u0142na r\u00f3\u017cno\u015bci: tradycyjne tymbaliki z drobiu, roladki szynkowe ze szparagami, roladki serowe z farszem z makreli, p\u00f3\u0142miski w\u0119dlin tradycyjnych i wiejskich z serem, pasztet z \u017curawin\u0105, sa\u0142atka z selera naciowego z&#8230;<\/p>\n","protected":false},"author":1,"featured_media":0,"parent":0,"menu_order":0,"comment_status":"closed","ping_status":"closed","template":"","meta":[],"yoast_head":"<!-- This site is optimized with the Yoast SEO plugin v20.8 - https:\/\/yoast.com\/wordpress\/plugins\/seo\/ -->\n<title>Zabawa Sylwestrowa 2022\/2023 - Restauracja Feniks<\/title>\n<meta name=\"description\" content=\"Zabawa Sylwestrowa, sylwester \u015awi\u0119toch\u0142owice 2022 %\" \/>\n<meta name=\"robots\" content=\"index, follow, max-snippet:-1, max-image-preview:large, max-video-preview:-1\" \/>\n<link rel=\"canonical\" href=\"https:\/\/restauracja-feniks.pl\/?page_id=354\" \/>\n<meta property=\"og:locale\" content=\"pl_PL\" \/>\n<meta property=\"og:type\" content=\"article\" \/>\n<meta property=\"og:title\" content=\"Zabawa Sylwestrowa 2022\/2023 - Restauracja Feniks\" \/>\n<meta property=\"og:description\" content=\"Zabawa Sylwestrowa, sylwester \u015awi\u0119toch\u0142owice 2022 %\" \/>\n<meta property=\"og:url\" content=\"https:\/\/restauracja-feniks.pl\/?page_id=354\" \/>\n<meta property=\"og:site_name\" content=\"Restauracja Feniks\" \/>\n<meta property=\"article:publisher\" content=\"https:\/\/www.facebook.com\/feniks.restauracja\" \/>\n<meta property=\"article:modified_time\" content=\"2022-10-21T09:14:49+00:00\" \/>\n<meta property=\"og:image\" content=\"https:\/\/restauracja-feniks.pl\/wp-content\/uploads\/2017\/11\/szampan-178x300.jpg\" \/>\n<meta name=\"twitter:card\" content=\"summary_large_image\" \/>\n<meta name=\"twitter:label1\" content=\"Szacowany czas czytania\" \/>\n\t<meta name=\"twitter:data1\" content=\"1 minuta\" \/>\n<script type=\"application\/ld+json\" class=\"yoast-schema-graph\">{\"@context\":\"https:\/\/schema.org\",\"@graph\":[{\"@type\":\"WebPage\",\"@id\":\"https:\/\/restauracja-feniks.pl\/?page_id=354\",\"url\":\"https:\/\/restauracja-feniks.pl\/?page_id=354\",\"name\":\"Zabawa Sylwestrowa 2022\/2023 - Restauracja Feniks\",\"isPartOf\":{\"@id\":\"https:\/\/restauracja-feniks.pl\/#website\"},\"datePublished\":\"2017-11-08T13:01:38+00:00\",\"dateModified\":\"2022-10-21T09:14:49+00:00\",\"description\":\"Zabawa Sylwestrowa, sylwester \u015awi\u0119toch\u0142owice 2022 %\",\"breadcrumb\":{\"@id\":\"https:\/\/restauracja-feniks.pl\/?page_id=354#breadcrumb\"},\"inLanguage\":\"pl-PL\",\"potentialAction\":[{\"@type\":\"ReadAction\",\"target\":[\"https:\/\/restauracja-feniks.pl\/?page_id=354\"]}]},{\"@type\":\"BreadcrumbList\",\"@id\":\"https:\/\/restauracja-feniks.pl\/?page_id=354#breadcrumb\",\"itemListElement\":[{\"@type\":\"ListItem\",\"position\":1,\"name\":\"Strona g\u0142\u00f3wna\",\"item\":\"https:\/\/restauracja-feniks.pl\/\"},{\"@type\":\"ListItem\",\"position\":2,\"name\":\"Zabawa Sylwestrowa 2022\/2023\"}]},{\"@type\":\"WebSite\",\"@id\":\"https:\/\/restauracja-feniks.pl\/#website\",\"url\":\"https:\/\/restauracja-feniks.pl\/\",\"name\":\"Restauracja Feniks \u015awi\u0119toch\u0142owice wesela catering chrzty przyj\u0119cia\",\"description\":\"Wesela, imprezy okoliczno\u015bciowe \u015awi\u0119toch\u0142owice, catering \u015al\u0105sk\",\"publisher\":{\"@id\":\"https:\/\/restauracja-feniks.pl\/#organization\"},\"potentialAction\":[{\"@type\":\"SearchAction\",\"target\":{\"@type\":\"EntryPoint\",\"urlTemplate\":\"https:\/\/restauracja-feniks.pl\/?s={search_term_string}\"},\"query-input\":\"required name=search_term_string\"}],\"inLanguage\":\"pl-PL\"},{\"@type\":\"Organization\",\"@id\":\"https:\/\/restauracja-feniks.pl\/#organization\",\"name\":\"Restauracja Feniks \u015awi\u0119toch\u0142owice wesela catering chrzty przyj\u0119cia\",\"url\":\"https:\/\/restauracja-feniks.pl\/\",\"logo\":{\"@type\":\"ImageObject\",\"inLanguage\":\"pl-PL\",\"@id\":\"https:\/\/restauracja-feniks.pl\/#\/schema\/logo\/image\/\",\"url\":\"https:\/\/restauracja-feniks.pl\/wp-content\/uploads\/2021\/06\/image0041.jpg\",\"contentUrl\":\"https:\/\/restauracja-feniks.pl\/wp-content\/uploads\/2021\/06\/image0041.jpg\",\"width\":435,\"height\":236,\"caption\":\"Restauracja Feniks \u015awi\u0119toch\u0142owice wesela catering chrzty przyj\u0119cia\"},\"image\":{\"@id\":\"https:\/\/restauracja-feniks.pl\/#\/schema\/logo\/image\/\"},\"sameAs\":[\"https:\/\/www.facebook.com\/feniks.restauracja\"]}]}<\/script>\n<!-- \/ Yoast SEO plugin. -->","yoast_head_json":{"title":"Zabawa Sylwestrowa 2022\/2023 - Restauracja Feniks","description":"Zabawa Sylwestrowa, sylwester \u015awi\u0119toch\u0142owice 2022 %","robots":{"index":"index","follow":"follow","max-snippet":"max-snippet:-1","max-image-preview":"max-image-preview:large","max-video-preview":"max-video-preview:-1"},"canonical":"https:\/\/restauracja-feniks.pl\/?page_id=354","og_locale":"pl_PL","og_type":"article","og_title":"Zabawa Sylwestrowa 2022\/2023 - Restauracja Feniks","og_description":"Zabawa Sylwestrowa, sylwester \u015awi\u0119toch\u0142owice 2022 %","og_url":"https:\/\/restauracja-feniks.pl\/?page_id=354","og_site_name":"Restauracja Feniks","article_publisher":"https:\/\/www.facebook.com\/feniks.restauracja","article_modified_time":"2022-10-21T09:14:49+00:00","og_image":[{"url":"https:\/\/restauracja-feniks.pl\/wp-content\/uploads\/2017\/11\/szampan-178x300.jpg"}],"twitter_card":"summary_large_image","twitter_misc":{"Szacowany czas czytania":"1 minuta"},"schema":{"@context":"https:\/\/schema.org","@graph":[{"@type":"WebPage","@id":"https:\/\/restauracja-feniks.pl\/?page_id=354","url":"https:\/\/restauracja-feniks.pl\/?page_id=354","name":"Zabawa Sylwestrowa 2022\/2023 - Restauracja Feniks","isPartOf":{"@id":"https:\/\/restauracja-feniks.pl\/#website"},"datePublished":"2017-11-08T13:01:38+00:00","dateModified":"2022-10-21T09:14:49+00:00","description":"Zabawa Sylwestrowa, sylwester \u015awi\u0119toch\u0142owice 2022 %","breadcrumb":{"@id":"https:\/\/restauracja-feniks.pl\/?page_id=354#breadcrumb"},"inLanguage":"pl-PL","potentialAction":[{"@type":"ReadAction","target":["https:\/\/restauracja-feniks.pl\/?page_id=354"]}]},{"@type":"BreadcrumbList","@id":"https:\/\/restauracja-feniks.pl\/?page_id=354#breadcrumb","itemListElement":[{"@type":"ListItem","position":1,"name":"Strona g\u0142\u00f3wna","item":"https:\/\/restauracja-feniks.pl\/"},{"@type":"ListItem","position":2,"name":"Zabawa Sylwestrowa 2022\/2023"}]},{"@type":"WebSite","@id":"https:\/\/restauracja-feniks.pl\/#website","url":"https:\/\/restauracja-feniks.pl\/","name":"Restauracja Feniks \u015awi\u0119toch\u0142owice wesela catering chrzty przyj\u0119cia","description":"Wesela, imprezy okoliczno\u015bciowe \u015awi\u0119toch\u0142owice, catering \u015al\u0105sk","publisher":{"@id":"https:\/\/restauracja-feniks.pl\/#organization"},"potentialAction":[{"@type":"SearchAction","target":{"@type":"EntryPoint","urlTemplate":"https:\/\/restauracja-feniks.pl\/?s={search_term_string}"},"query-input":"required name=search_term_string"}],"inLanguage":"pl-PL"},{"@type":"Organization","@id":"https:\/\/restauracja-feniks.pl\/#organization","name":"Restauracja Feniks \u015awi\u0119toch\u0142owice wesela catering chrzty przyj\u0119cia","url":"https:\/\/restauracja-feniks.pl\/","logo":{"@type":"ImageObject","inLanguage":"pl-PL","@id":"https:\/\/restauracja-feniks.pl\/#\/schema\/logo\/image\/","url":"https:\/\/restauracja-feniks.pl\/wp-content\/uploads\/2021\/06\/image0041.jpg","contentUrl":"https:\/\/restauracja-feniks.pl\/wp-content\/uploads\/2021\/06\/image0041.jpg","width":435,"height":236,"caption":"Restauracja Feniks \u015awi\u0119toch\u0142owice wesela catering chrzty przyj\u0119cia"},"image":{"@id":"https:\/\/restauracja-feniks.pl\/#\/schema\/logo\/image\/"},"sameAs":["https:\/\/www.facebook.com\/feniks.restauracja"]}]}},"_links":{"self":[{"href":"https:\/\/restauracja-feniks.pl\/index.php?rest_route=\/wp\/v2\/pages\/354"}],"collection":[{"href":"https:\/\/restauracja-feniks.pl\/index.php?rest_route=\/wp\/v2\/pages"}],"about":[{"href":"https:\/\/restauracja-feniks.pl\/index.php?rest_route=\/wp\/v2\/types\/page"}],"author":[{"embeddable":true,"href":"https:\/\/restauracja-feniks.pl\/index.php?rest_route=\/wp\/v2\/users\/1"}],"replies":[{"embeddable":true,"href":"https:\/\/restauracja-feniks.pl\/index.php?rest_route=%2Fwp%2Fv2%2Fcomments&post=354"}],"version-history":[{"count":24,"href":"https:\/\/restauracja-feniks.pl\/index.php?rest_route=\/wp\/v2\/pages\/354\/revisions"}],"predecessor-version":[{"id":729,"href":"https:\/\/restauracja-feniks.pl\/index.php?rest_route=\/wp\/v2\/pages\/354\/revisions\/729"}],"wp:attachment":[{"href":"https:\/\/restauracja-feniks.pl\/index.php?rest_route=%2Fwp%2Fv2%2Fmedia&parent=354"}],"curies":[{"name":"wp","href":"https:\/\/api.w.org\/{rel}","templated":true}]}}